{"id":19,"date":"2024-04-25T10:15:15","date_gmt":"2024-04-25T08:15:15","guid":{"rendered":"http:\/\/www.atelierlajuntana.com\/?page_id=19"},"modified":"2024-06-10T09:22:31","modified_gmt":"2024-06-10T07:22:31","slug":"methods","status":"publish","type":"page","link":"https:\/\/www.atelierlajuntana.com\/es\/methods\/","title":{"rendered":"M\u00e9todos"},"content":{"rendered":"<div data-elementor-type=\"wp-page\" data-elementor-id=\"19\" class=\"elementor elementor-19\" data-elementor-post-type=\"page\">\n\t\t\t\t<div class=\"elementor-element elementor-element-78e7549 e-flex e-con-boxed e-con e-parent\" data-id=\"78e7549\" data-element_type=\"container\" data-e-type=\"container\">\n\t\t\t\t\t<div class=\"e-con-inner\">\n\t\t\t\t<div class=\"elementor-element elementor-element-21c35ea elementor-widget elementor-widget-heading\" data-id=\"21c35ea\" data-element_type=\"widget\" data-e-type=\"widget\" data-widget_type=\"heading.default\">\n\t\t\t\t<div class=\"elementor-widget-container\">\n\t\t\t\t\t<h2 class=\"elementor-heading-title elementor-size-default\">T\u00e9cnicas, materiales e investigaci\u00f3n\n<\/h2>\t\t\t\t<\/div>\n\t\t\t\t<\/div>\n\t\t\t\t<div class=\"elementor-element elementor-element-c508f6a elementor-widget elementor-widget-text-editor\" data-id=\"c508f6a\" data-element_type=\"widget\" data-e-type=\"widget\" data-widget_type=\"text-editor.default\">\n\t\t\t\t<div class=\"elementor-widget-container\">\n\t\t\t\t\t\t\t\t\t<p>Desarrollados para proyectos espec\u00edficos, o bien como parte del proceso de aprendizaje. Os animamos a que os un\u00e1is compartiendo experiencias, dudas, ideas.<\/p>\t\t\t\t\t\t\t\t<\/div>\n\t\t\t\t<\/div>\n\t\t\t\t\t<\/div>\n\t\t\t\t<\/div>\n\t\t<div class=\"elementor-element elementor-element-0e066a4 e-flex e-con-boxed e-con e-parent\" data-id=\"0e066a4\" data-element_type=\"container\" data-e-type=\"container\" data-settings=\"{&quot;background_background&quot;:&quot;classic&quot;}\">\n\t\t\t\t\t<div class=\"e-con-inner\">\n\t\t<div class=\"elementor-element elementor-element-9fbb6fd e-con-full e-flex e-con e-child\" data-id=\"9fbb6fd\" data-element_type=\"container\" data-e-type=\"container\">\n\t\t\t\t<div class=\"elementor-element elementor-element-f0827a1 elementor-widget elementor-widget-text-editor\" data-id=\"f0827a1\" data-element_type=\"widget\" data-e-type=\"widget\" data-widget_type=\"text-editor.default\">\n\t\t\t\t<div class=\"elementor-widget-container\">\n\t\t\t\t\t\t\t\t\t<b><font size=\"5\">Resina de poli\u00e9ster coloreada<\/b><\/font> mezclando resina sint\u00e9tica, un agente de curado o catalizador y un tinte colorante. La reacci\u00f3n ocurre a temperatura y presi\u00f3n ambiental, normalmente mediante colada en un molde de silicona. La disoluci\u00f3n de ambos productos produce una reacci\u00f3n exot\u00e9rmica que genera calor y hace que la mezcla se solidifique en cuesti\u00f3n de minutos. Existe una gran variedad de resinas que pueden ser utilizadas seg\u00fan cada proyecto, tales como la resina de poli\u00e9ster, la resina de poliuretano, la resina epoxi, la resina acr\u00edlica y la resina de silicona. El aspecto natural de est\u00e1s resinas es transparente o amarillento, aunque pueden colorearse mediante tintes y aditivos, adquiriendo distintas opacidades y texturas. Una vez la resina ha fraguado puede trabajarse mediante corte y lijado. Las im\u00e1genes muestran test de colores realizados para la maqueta KU.BE 1:200.<\/span>\t\t\t\t\t\t\t\t<\/div>\n\t\t\t\t<\/div>\n\t\t\t\t<\/div>\n\t\t<div class=\"elementor-element elementor-element-3e524b5 e-con-full e-flex e-con e-child\" data-id=\"3e524b5\" data-element_type=\"container\" data-e-type=\"container\">\n\t\t\t\t<div class=\"elementor-element elementor-element-797d253 elementor-widget elementor-widget-image\" data-id=\"797d253\" data-element_type=\"widget\" data-e-type=\"widget\" data-widget_type=\"image.default\">\n\t\t\t\t<div class=\"elementor-widget-container\">\n\t\t\t\t\t\t\t\t\t\t\t\t\t\t\t<img fetchpriority=\"high\" decoding=\"async\" width=\"800\" height=\"600\" src=\"https:\/\/www.atelierlajuntana.com\/wp-content\/uploads\/2024\/04\/3958_4bd93dc0-73e4-4b09-b233-402d64512029.jpg\" class=\"attachment-large size-large wp-image-229\" alt=\"\" srcset=\"https:\/\/www.atelierlajuntana.com\/wp-content\/uploads\/2024\/04\/3958_4bd93dc0-73e4-4b09-b233-402d64512029.jpg 800w, https:\/\/www.atelierlajuntana.com\/wp-content\/uploads\/2024\/04\/3958_4bd93dc0-73e4-4b09-b233-402d64512029-300x225.jpg 300w, https:\/\/www.atelierlajuntana.com\/wp-content\/uploads\/2024\/04\/3958_4bd93dc0-73e4-4b09-b233-402d64512029-768x576.jpg 768w\" sizes=\"(max-width: 800px) 100vw, 800px\" \/>\t\t\t\t\t\t\t\t\t\t\t\t\t\t\t<\/div>\n\t\t\t\t<\/div>\n\t\t\t\t<\/div>\n\t\t\t\t\t<\/div>\n\t\t\t\t<\/div>\n\t\t<div class=\"elementor-element elementor-element-529d8e4 e-flex e-con-boxed e-con e-parent\" data-id=\"529d8e4\" data-element_type=\"container\" data-e-type=\"container\">\n\t\t\t\t\t<div class=\"e-con-inner\">\n\t\t<div class=\"elementor-element elementor-element-33a6f72 e-con-full e-flex e-con e-child\" data-id=\"33a6f72\" data-element_type=\"container\" data-e-type=\"container\">\n\t\t\t\t<div class=\"elementor-element elementor-element-84a3b75 elementor-hidden-mobile elementor-widget elementor-widget-image\" data-id=\"84a3b75\" data-element_type=\"widget\" data-e-type=\"widget\" data-widget_type=\"image.default\">\n\t\t\t\t<div class=\"elementor-widget-container\">\n\t\t\t\t\t\t\t\t\t\t\t\t\t\t\t<img decoding=\"async\" width=\"800\" height=\"600\" src=\"https:\/\/www.atelierlajuntana.com\/wp-content\/uploads\/2024\/04\/3958_3e5e6757-af94-46ec-ae13-18d8b488eb8d.jpg\" class=\"attachment-large size-large wp-image-228\" alt=\"\" srcset=\"https:\/\/www.atelierlajuntana.com\/wp-content\/uploads\/2024\/04\/3958_3e5e6757-af94-46ec-ae13-18d8b488eb8d.jpg 800w, https:\/\/www.atelierlajuntana.com\/wp-content\/uploads\/2024\/04\/3958_3e5e6757-af94-46ec-ae13-18d8b488eb8d-300x225.jpg 300w, https:\/\/www.atelierlajuntana.com\/wp-content\/uploads\/2024\/04\/3958_3e5e6757-af94-46ec-ae13-18d8b488eb8d-768x576.jpg 768w\" sizes=\"(max-width: 800px) 100vw, 800px\" \/>\t\t\t\t\t\t\t\t\t\t\t\t\t\t\t<\/div>\n\t\t\t\t<\/div>\n\t\t\t\t<\/div>\n\t\t<div class=\"elementor-element elementor-element-fd405f3 e-con-full e-flex e-con e-child\" data-id=\"fd405f3\" data-element_type=\"container\" data-e-type=\"container\">\n\t\t\t\t<div class=\"elementor-element elementor-element-ffb1ee2 elementor-widget elementor-widget-text-editor\" data-id=\"ffb1ee2\" data-element_type=\"widget\" data-e-type=\"widget\" data-widget_type=\"text-editor.default\">\n\t\t\t\t<div class=\"elementor-widget-container\">\n\t\t\t\t\t\t\t\t\t<p><b><span style=\"font-size: x-large;\">Moldes de silicona y colada de resina <\/span><\/b>esta t\u00e9cnica consiste en cubrir el objeto a reproducir con un material flexible y resistente, el cual se vierte sobre el objeto en consistencia viscosa y posteriormente reacciona y fragua a temperatura ambiente. De esta manera se consigue el negativo del volumen original, tambi\u00e9n llamado molde. En el ejemplo de la fotograf\u00eda los moldes para cada uno de los objetos de la maqueta KU.BE 1:200 fueron realizados empleando este proceso, colando la silicona alrededor de cada objeto y creando los distintos moldes que posteriormente se emplear\u00edan para llevar a cabo copias de la maqueta.<\/p>\t\t\t\t\t\t\t\t<\/div>\n\t\t\t\t<\/div>\n\t\t\t\t<div class=\"elementor-element elementor-element-35a2cc2 elementor-hidden-desktop elementor-hidden-tablet elementor-widget elementor-widget-image\" data-id=\"35a2cc2\" data-element_type=\"widget\" data-e-type=\"widget\" data-widget_type=\"image.default\">\n\t\t\t\t<div class=\"elementor-widget-container\">\n\t\t\t\t\t\t\t\t\t\t\t\t\t\t\t<img decoding=\"async\" width=\"800\" height=\"600\" src=\"https:\/\/www.atelierlajuntana.com\/wp-content\/uploads\/2024\/04\/3958_3e5e6757-af94-46ec-ae13-18d8b488eb8d.jpg\" class=\"attachment-large size-large wp-image-228\" alt=\"\" srcset=\"https:\/\/www.atelierlajuntana.com\/wp-content\/uploads\/2024\/04\/3958_3e5e6757-af94-46ec-ae13-18d8b488eb8d.jpg 800w, https:\/\/www.atelierlajuntana.com\/wp-content\/uploads\/2024\/04\/3958_3e5e6757-af94-46ec-ae13-18d8b488eb8d-300x225.jpg 300w, https:\/\/www.atelierlajuntana.com\/wp-content\/uploads\/2024\/04\/3958_3e5e6757-af94-46ec-ae13-18d8b488eb8d-768x576.jpg 768w\" sizes=\"(max-width: 800px) 100vw, 800px\" \/>\t\t\t\t\t\t\t\t\t\t\t\t\t\t\t<\/div>\n\t\t\t\t<\/div>\n\t\t\t\t<\/div>\n\t\t\t\t\t<\/div>\n\t\t\t\t<\/div>\n\t\t<div class=\"elementor-element elementor-element-b6250ed e-flex e-con-boxed e-con e-parent\" data-id=\"b6250ed\" data-element_type=\"container\" data-e-type=\"container\" data-settings=\"{&quot;background_background&quot;:&quot;classic&quot;}\">\n\t\t\t\t\t<div class=\"e-con-inner\">\n\t\t<div class=\"elementor-element elementor-element-d5d30bf e-con-full e-flex e-con e-child\" data-id=\"d5d30bf\" data-element_type=\"container\" data-e-type=\"container\">\n\t\t\t\t<div class=\"elementor-element elementor-element-77b7643 elementor-widget elementor-widget-text-editor\" data-id=\"77b7643\" data-element_type=\"widget\" data-e-type=\"widget\" data-widget_type=\"text-editor.default\">\n\t\t\t\t<div class=\"elementor-widget-container\">\n\t\t\t\t\t\t\t\t\t<b><span style=\"font-size: x-large;\">Molde y colada de un terreno<\/span><\/b> a partir de una base original de madera. Este m\u00e9todo nos permite reproducir piezas de mayor tama\u00f1o manteniendo el mismo grado de precisi\u00f3n. Para la base de la maqueta KU.BE empleamos resina coloreada de poli\u00e9ster, colada en un molde de silicona contenido en un contramolde de escayola. Este molde y su correspondiente contramolde fueron realizados cubriendo el objeto con una capa de barro seguida de otra capa de escayola. Al retirar el barro se crea una cavidad entre el objeto original y la escayola donde se realiza la colada de silicona, creando el molde.\t\t\t\t\t\t\t\t<\/div>\n\t\t\t\t<\/div>\n\t\t\t\t<\/div>\n\t\t<div class=\"elementor-element elementor-element-b70b5ba e-con-full e-flex e-con e-child\" data-id=\"b70b5ba\" data-element_type=\"container\" data-e-type=\"container\">\n\t\t\t\t<div class=\"elementor-element elementor-element-2bb3571 elementor-widget elementor-widget-image\" data-id=\"2bb3571\" data-element_type=\"widget\" data-e-type=\"widget\" data-widget_type=\"image.default\">\n\t\t\t\t<div class=\"elementor-widget-container\">\n\t\t\t\t\t\t\t\t\t\t\t\t\t\t\t<img decoding=\"async\" width=\"800\" height=\"600\" src=\"https:\/\/www.atelierlajuntana.com\/wp-content\/uploads\/2024\/04\/3958_183b489a-97f6-40a9-b26c-7f1ad9555053.jpg\" class=\"attachment-large size-large wp-image-231\" alt=\"\" srcset=\"https:\/\/www.atelierlajuntana.com\/wp-content\/uploads\/2024\/04\/3958_183b489a-97f6-40a9-b26c-7f1ad9555053.jpg 800w, https:\/\/www.atelierlajuntana.com\/wp-content\/uploads\/2024\/04\/3958_183b489a-97f6-40a9-b26c-7f1ad9555053-300x225.jpg 300w, https:\/\/www.atelierlajuntana.com\/wp-content\/uploads\/2024\/04\/3958_183b489a-97f6-40a9-b26c-7f1ad9555053-768x576.jpg 768w\" sizes=\"(max-width: 800px) 100vw, 800px\" \/>\t\t\t\t\t\t\t\t\t\t\t\t\t\t\t<\/div>\n\t\t\t\t<\/div>\n\t\t\t\t<\/div>\n\t\t\t\t\t<\/div>\n\t\t\t\t<\/div>\n\t\t<div class=\"elementor-element elementor-element-63d019a e-flex e-con-boxed e-con e-parent\" data-id=\"63d019a\" data-element_type=\"container\" data-e-type=\"container\">\n\t\t\t\t\t<div class=\"e-con-inner\">\n\t\t<div class=\"elementor-element elementor-element-4647360 e-con-full e-flex e-con e-child\" data-id=\"4647360\" data-element_type=\"container\" data-e-type=\"container\">\n\t\t\t\t<div class=\"elementor-element elementor-element-b4fab38 elementor-hidden-mobile elementor-widget elementor-widget-image\" data-id=\"b4fab38\" data-element_type=\"widget\" data-e-type=\"widget\" data-widget_type=\"image.default\">\n\t\t\t\t<div class=\"elementor-widget-container\">\n\t\t\t\t\t\t\t\t\t\t\t\t\t\t\t<img loading=\"lazy\" decoding=\"async\" width=\"800\" height=\"600\" src=\"https:\/\/www.atelierlajuntana.com\/wp-content\/uploads\/2024\/04\/3958_6ec336fb-fd30-4bcd-ab12-95091ef716af.jpg\" class=\"attachment-large size-large wp-image-230\" alt=\"\" srcset=\"https:\/\/www.atelierlajuntana.com\/wp-content\/uploads\/2024\/04\/3958_6ec336fb-fd30-4bcd-ab12-95091ef716af.jpg 800w, https:\/\/www.atelierlajuntana.com\/wp-content\/uploads\/2024\/04\/3958_6ec336fb-fd30-4bcd-ab12-95091ef716af-300x225.jpg 300w, https:\/\/www.atelierlajuntana.com\/wp-content\/uploads\/2024\/04\/3958_6ec336fb-fd30-4bcd-ab12-95091ef716af-768x576.jpg 768w\" sizes=\"(max-width: 800px) 100vw, 800px\" \/>\t\t\t\t\t\t\t\t\t\t\t\t\t\t\t<\/div>\n\t\t\t\t<\/div>\n\t\t\t\t<\/div>\n\t\t<div class=\"elementor-element elementor-element-410a07a e-con-full e-flex e-con e-child\" data-id=\"410a07a\" data-element_type=\"container\" data-e-type=\"container\">\n\t\t\t\t<div class=\"elementor-element elementor-element-755180a elementor-widget elementor-widget-text-editor\" data-id=\"755180a\" data-element_type=\"widget\" data-e-type=\"widget\" data-widget_type=\"text-editor.default\">\n\t\t\t\t<div class=\"elementor-widget-container\">\n\t\t\t\t\t\t\t\t\t<b><span style=\"font-size: x-large;\">El grabado al \u00e1cido<\/span><\/b>\nnos permite marcar planos y dibujos en distintas superficies met\u00e1licas, controlando la profundidad y precisi\u00f3n de la incisi\u00f3n. Esta t\u00e9cnica puede utilizarse para realizar maquetas t\u00e1ctiles para ser descubiertas y exploradas mediante el tacto. El grabado se logra empleando un mordiente para marcar las partes desprotegidas de la superficie, creando un dise\u00f1o en intaglio. Este proceso nos permite transferir informaci\u00f3n de un plano a la base de una maqueta. Las im\u00e1genes muestran el proceso de grabado empleado en la maqueta Playa de V\u00edas de Santander. Las distintas curvas de nivel fueron grabadas por separado, recreando el antiguo cantil de la bah\u00eda.\t\t\t\t\t\t\t\t<\/div>\n\t\t\t\t<\/div>\n\t\t\t\t<div class=\"elementor-element elementor-element-7a90b20 elementor-hidden-desktop elementor-hidden-tablet elementor-widget elementor-widget-image\" data-id=\"7a90b20\" data-element_type=\"widget\" data-e-type=\"widget\" data-widget_type=\"image.default\">\n\t\t\t\t<div class=\"elementor-widget-container\">\n\t\t\t\t\t\t\t\t\t\t\t\t\t\t\t<img loading=\"lazy\" decoding=\"async\" width=\"800\" height=\"600\" src=\"https:\/\/www.atelierlajuntana.com\/wp-content\/uploads\/2024\/04\/3958_6ec336fb-fd30-4bcd-ab12-95091ef716af.jpg\" class=\"attachment-large size-large wp-image-230\" alt=\"\" srcset=\"https:\/\/www.atelierlajuntana.com\/wp-content\/uploads\/2024\/04\/3958_6ec336fb-fd30-4bcd-ab12-95091ef716af.jpg 800w, https:\/\/www.atelierlajuntana.com\/wp-content\/uploads\/2024\/04\/3958_6ec336fb-fd30-4bcd-ab12-95091ef716af-300x225.jpg 300w, https:\/\/www.atelierlajuntana.com\/wp-content\/uploads\/2024\/04\/3958_6ec336fb-fd30-4bcd-ab12-95091ef716af-768x576.jpg 768w\" sizes=\"(max-width: 800px) 100vw, 800px\" \/>\t\t\t\t\t\t\t\t\t\t\t\t\t\t\t<\/div>\n\t\t\t\t<\/div>\n\t\t\t\t<\/div>\n\t\t\t\t\t<\/div>\n\t\t\t\t<\/div>\n\t\t<div class=\"elementor-element elementor-element-4158751 e-flex e-con-boxed e-con e-parent\" data-id=\"4158751\" data-element_type=\"container\" data-e-type=\"container\" data-settings=\"{&quot;background_background&quot;:&quot;classic&quot;}\">\n\t\t\t\t\t<div class=\"e-con-inner\">\n\t\t<div class=\"elementor-element elementor-element-117c4ec e-con-full e-flex e-con e-child\" data-id=\"117c4ec\" data-element_type=\"container\" data-e-type=\"container\">\n\t\t\t\t<div class=\"elementor-element elementor-element-ea7f66e elementor-widget elementor-widget-text-editor\" data-id=\"ea7f66e\" data-element_type=\"widget\" data-e-type=\"widget\" data-widget_type=\"text-editor.default\">\n\t\t\t\t<div class=\"elementor-widget-container\">\n\t\t\t\t\t\t\t\t\t<b><span style=\"font-size: x-large;\">El gofrado de papel <\/span><\/b>consiste en crear relieves elevados o hundidos reproduciendo dibujos en papel, obteniendo un efecto tridimensional. En este caso este proceso fue utilizado para complementar la maqueta Playa de V\u00edas de Santander, creando un paisaje en papel del centro de la ciudad. La presi\u00f3n de la prensa vertical o del t\u00f3rculo comprime las fibras, marcando la superficie con el dise\u00f1o o plano elegido. Est\u00e1 t\u00e9cnica se emplea para producir planos t\u00e1ctiles.\t\t\t\t\t\t\t\t<\/div>\n\t\t\t\t<\/div>\n\t\t\t\t<\/div>\n\t\t<div class=\"elementor-element elementor-element-6cffe67 e-con-full e-flex e-con e-child\" data-id=\"6cffe67\" data-element_type=\"container\" data-e-type=\"container\">\n\t\t\t\t<div class=\"elementor-element elementor-element-ea8dbf8 elementor-widget elementor-widget-image\" data-id=\"ea8dbf8\" data-element_type=\"widget\" data-e-type=\"widget\" data-widget_type=\"image.default\">\n\t\t\t\t<div class=\"elementor-widget-container\">\n\t\t\t\t\t\t\t\t\t\t\t\t\t\t\t<img loading=\"lazy\" decoding=\"async\" width=\"800\" height=\"600\" src=\"https:\/\/www.atelierlajuntana.com\/wp-content\/uploads\/2024\/04\/3958_60203b98-9a40-4782-a797-7c1b1b3784b1.jpg\" class=\"attachment-large size-large wp-image-232\" alt=\"\" srcset=\"https:\/\/www.atelierlajuntana.com\/wp-content\/uploads\/2024\/04\/3958_60203b98-9a40-4782-a797-7c1b1b3784b1.jpg 800w, https:\/\/www.atelierlajuntana.com\/wp-content\/uploads\/2024\/04\/3958_60203b98-9a40-4782-a797-7c1b1b3784b1-300x225.jpg 300w, https:\/\/www.atelierlajuntana.com\/wp-content\/uploads\/2024\/04\/3958_60203b98-9a40-4782-a797-7c1b1b3784b1-768x576.jpg 768w\" sizes=\"(max-width: 800px) 100vw, 800px\" \/>\t\t\t\t\t\t\t\t\t\t\t\t\t\t\t<\/div>\n\t\t\t\t<\/div>\n\t\t\t\t<\/div>\n\t\t\t\t\t<\/div>\n\t\t\t\t<\/div>\n\t\t<div class=\"elementor-element elementor-element-5a59a8e e-flex e-con-boxed e-con e-parent\" data-id=\"5a59a8e\" data-element_type=\"container\" data-e-type=\"container\">\n\t\t\t\t\t<div class=\"e-con-inner\">\n\t\t<div class=\"elementor-element elementor-element-1368734 e-con-full e-flex e-con e-child\" data-id=\"1368734\" data-element_type=\"container\" data-e-type=\"container\">\n\t\t\t\t<div class=\"elementor-element elementor-element-0d8d8bd elementor-hidden-mobile elementor-widget elementor-widget-image\" data-id=\"0d8d8bd\" data-element_type=\"widget\" data-e-type=\"widget\" data-widget_type=\"image.default\">\n\t\t\t\t<div class=\"elementor-widget-container\">\n\t\t\t\t\t\t\t\t\t\t\t\t\t\t\t<img loading=\"lazy\" decoding=\"async\" width=\"800\" height=\"600\" src=\"https:\/\/www.atelierlajuntana.com\/wp-content\/uploads\/2024\/04\/3958_3c20c3f0-a87d-4dcf-8952-e2f49dbd3a94.jpg\" class=\"attachment-large size-large wp-image-227\" alt=\"\" srcset=\"https:\/\/www.atelierlajuntana.com\/wp-content\/uploads\/2024\/04\/3958_3c20c3f0-a87d-4dcf-8952-e2f49dbd3a94.jpg 800w, https:\/\/www.atelierlajuntana.com\/wp-content\/uploads\/2024\/04\/3958_3c20c3f0-a87d-4dcf-8952-e2f49dbd3a94-300x225.jpg 300w, https:\/\/www.atelierlajuntana.com\/wp-content\/uploads\/2024\/04\/3958_3c20c3f0-a87d-4dcf-8952-e2f49dbd3a94-768x576.jpg 768w\" sizes=\"(max-width: 800px) 100vw, 800px\" \/>\t\t\t\t\t\t\t\t\t\t\t\t\t\t\t<\/div>\n\t\t\t\t<\/div>\n\t\t\t\t<\/div>\n\t\t<div class=\"elementor-element elementor-element-ae7a1dc e-con-full e-flex e-con e-child\" data-id=\"ae7a1dc\" data-element_type=\"container\" data-e-type=\"container\">\n\t\t\t\t<div class=\"elementor-element elementor-element-37075a5 elementor-widget elementor-widget-text-editor\" data-id=\"37075a5\" data-element_type=\"widget\" data-e-type=\"widget\" data-widget_type=\"text-editor.default\">\n\t\t\t\t<div class=\"elementor-widget-container\">\n\t\t\t\t\t\t\t\t\t<b><span style=\"font-size: x-large;\">Las construcciones de bamb\u00fa<\/span><\/b> se emplean en Am\u00e9rica Latina como un recurso sostenible y con un comportamiento muy bueno ante las cargas s\u00edsmicas. Mediante una combinaci\u00f3n de este material y de escayola, recreamos los m\u00e9todos de trabajo tradicionales para construcciones de bamb\u00fa y adobe. El sistema de cubrici\u00f3n, denominado Domoca\u00f1a, funciona como un modulo que se puede adaptar a distintos programas y localizaciones. Por otro lado los muros portantes se realizan mediante una doble membrana de bamb\u00fa que contiene barro en el centro y ayuda a estabilizar la estructura. La maqueta para el proyecto Bamb\u00fa Escuela recrea a escala 1:20 el proceso de construcci\u00f3n utilizando ca\u00f1as de distintos di\u00e1metros. Las im\u00e1genes sirven como una herramienta en obra, una gu\u00eda visual para que todo el mundo pueda entender y participar en el proceso constructivo, haciendo el dise\u00f1o m\u00e1s accesible.\t\t\t\t\t\t\t\t<\/div>\n\t\t\t\t<\/div>\n\t\t\t\t<div class=\"elementor-element elementor-element-10779c7 elementor-hidden-desktop elementor-hidden-tablet elementor-widget elementor-widget-image\" data-id=\"10779c7\" data-element_type=\"widget\" data-e-type=\"widget\" data-widget_type=\"image.default\">\n\t\t\t\t<div class=\"elementor-widget-container\">\n\t\t\t\t\t\t\t\t\t\t\t\t\t\t\t<img loading=\"lazy\" decoding=\"async\" width=\"800\" height=\"600\" src=\"https:\/\/www.atelierlajuntana.com\/wp-content\/uploads\/2024\/04\/3958_3c20c3f0-a87d-4dcf-8952-e2f49dbd3a94.jpg\" class=\"attachment-large size-large wp-image-227\" alt=\"\" srcset=\"https:\/\/www.atelierlajuntana.com\/wp-content\/uploads\/2024\/04\/3958_3c20c3f0-a87d-4dcf-8952-e2f49dbd3a94.jpg 800w, https:\/\/www.atelierlajuntana.com\/wp-content\/uploads\/2024\/04\/3958_3c20c3f0-a87d-4dcf-8952-e2f49dbd3a94-300x225.jpg 300w, https:\/\/www.atelierlajuntana.com\/wp-content\/uploads\/2024\/04\/3958_3c20c3f0-a87d-4dcf-8952-e2f49dbd3a94-768x576.jpg 768w\" sizes=\"(max-width: 800px) 100vw, 800px\" \/>\t\t\t\t\t\t\t\t\t\t\t\t\t\t\t<\/div>\n\t\t\t\t<\/div>\n\t\t\t\t<\/div>\n\t\t\t\t\t<\/div>\n\t\t\t\t<\/div>\n\t\t\t\t<\/div>","protected":false},"excerpt":{"rendered":"<p>Techniques, materials and research Developed for specific projects or as part of our learning process. We encourage you to join us leaving comments, questions, ideas. Coloured resin technique uses a synthetic resin mixed with a curing agent (polymerisation catalyst) at room temperature and normal pressure, which is poured into a mould or plastic container. By &#8230; <a title=\"M\u00e9todos\" class=\"read-more\" href=\"https:\/\/www.atelierlajuntana.com\/es\/methods\/\" aria-label=\"Leer m\u00e1s sobre Methods\">Leer m\u00e1s<\/a><\/p>","protected":false},"author":1,"featured_media":0,"parent":0,"menu_order":0,"comment_status":"closed","ping_status":"closed","template":"elementor_header_footer","meta":{"footnotes":""},"class_list":["post-19","page","type-page","status-publish"],"_links":{"self":[{"href":"https:\/\/www.atelierlajuntana.com\/es\/wp-json\/wp\/v2\/pages\/19","targetHints":{"allow":["GET"]}}],"collection":[{"href":"https:\/\/www.atelierlajuntana.com\/es\/wp-json\/wp\/v2\/pages"}],"about":[{"href":"https:\/\/www.atelierlajuntana.com\/es\/wp-json\/wp\/v2\/types\/page"}],"author":[{"embeddable":true,"href":"https:\/\/www.atelierlajuntana.com\/es\/wp-json\/wp\/v2\/users\/1"}],"replies":[{"embeddable":true,"href":"https:\/\/www.atelierlajuntana.com\/es\/wp-json\/wp\/v2\/comments?post=19"}],"version-history":[{"count":37,"href":"https:\/\/www.atelierlajuntana.com\/es\/wp-json\/wp\/v2\/pages\/19\/revisions"}],"predecessor-version":[{"id":2121,"href":"https:\/\/www.atelierlajuntana.com\/es\/wp-json\/wp\/v2\/pages\/19\/revisions\/2121"}],"wp:attachment":[{"href":"https:\/\/www.atelierlajuntana.com\/es\/wp-json\/wp\/v2\/media?parent=19"}],"curies":[{"name":"wp","href":"https:\/\/api.w.org\/{rel}","templated":true}]}}