{"id":21,"date":"2024-04-25T10:15:26","date_gmt":"2024-04-25T08:15:26","guid":{"rendered":"http:\/\/www.atelierlajuntana.com\/?page_id=21"},"modified":"2024-06-28T09:53:42","modified_gmt":"2024-06-28T07:53:42","slug":"tactile","status":"publish","type":"page","link":"https:\/\/www.atelierlajuntana.com\/es\/tactile\/","title":{"rendered":"T\u00e1ctil"},"content":{"rendered":"<div data-elementor-type=\"wp-page\" data-elementor-id=\"21\" class=\"elementor elementor-21\" data-elementor-post-type=\"page\">\n\t\t\t\t<div class=\"elementor-element elementor-element-9499c8f e-flex e-con-boxed e-con e-parent\" data-id=\"9499c8f\" data-element_type=\"container\" data-e-type=\"container\">\n\t\t\t\t\t<div class=\"e-con-inner\">\n\t\t\t\t<div class=\"elementor-element elementor-element-56e34ff elementor-widget elementor-widget-heading\" data-id=\"56e34ff\" data-element_type=\"widget\" data-e-type=\"widget\" data-widget_type=\"heading.default\">\n\t\t\t\t<div class=\"elementor-widget-container\">\n\t\t\t\t\t<h2 class=\"elementor-heading-title elementor-size-default\">El proyecto \"Un Munidal Para Todos\"\n<\/h2>\t\t\t\t<\/div>\n\t\t\t\t<\/div>\n\t\t\t\t<div class=\"elementor-element elementor-element-ae9eeb3 elementor-widget elementor-widget-text-editor\" data-id=\"ae9eeb3\" data-element_type=\"widget\" data-e-type=\"widget\" data-widget_type=\"text-editor.default\">\n\t\t\t\t<div class=\"elementor-widget-container\">\n\t\t\t\t\t\t\t\t\t<p>El proyecto Un Mundial Para Todos pretende acercar el Mundial de Vela Santander 2014 ISAF Sailing World Championships al colectivo de personas con discapacidad visual, a trav\u00e9s de una maqueta t\u00e1ctil y una audio-gu\u00eda explicativa de la misma, cuyo contenido es abierto y accesible al p\u00fablico gracias a un c\u00f3digo QR impreso en la maqueta o de link en la presente p\u00e1gina web.\n\nMediante recorridos t\u00e1ctiles guiados por la bah\u00eda se descubre su historia y su evoluci\u00f3n a lo largo del tiempo, explicando las mareas, la profundidad y la ubicaci\u00f3n de los diferentes campos de regatas del evento del Mundial. La maqueta incluye la batimetr\u00eda de la bah\u00eda mostrando el canal y los arenales, desarrollada con distintas capas desmontables para mostrar la situaci\u00f3n de pleamar y de bajamar. Refleja a su vez la evoluci\u00f3n hist\u00f3rica de la misma mediante sus sucesivos rellenos, los cuales pueden intercambiarse por agua en la maqueta de manera cronol\u00f3gica. Se consigue as\u00ed una herramienta did\u00e1ctica que narra la historia de la Bah\u00eda de Santander y su entorno.<br \/>A lo largo de la l\u00ednea de costa se han seleccionado una serie de hitos, que marcados con n\u00fameros sirven de apoyo en nuestro recorrido por la bah\u00eda. Cada hito se referencia en la audio-gu\u00eda, permitiendo la orientaci\u00f3n y localizaci\u00f3n de puntos claves para entender su evoluci\u00f3n e historia, a la vez que la relacci\u00f3n con el Mundial de Vela.\n\nEste proyecto ha sido realizado por los arquitectos Armor Guti\u00e9rrez Rivas y Nertos Guti\u00e9rrez Rivas en su estudio Atelier La Juntana en Cantabria, en colaboraci\u00f3n con el Ayuntamiento de Santander y la Delegaci\u00f3n Territorial de la ONCE en Cantabria.<\/p>\t\t\t\t\t\t\t\t<\/div>\n\t\t\t\t<\/div>\n\t\t\t\t\t<\/div>\n\t\t\t\t<\/div>\n\t\t<div class=\"elementor-element elementor-element-aa601ef e-flex e-con-boxed e-con e-parent\" data-id=\"aa601ef\" data-element_type=\"container\" data-e-type=\"container\">\n\t\t\t\t\t<div class=\"e-con-inner\">\n\t\t<div class=\"elementor-element elementor-element-4dfe1e9 e-con-full e-flex e-con e-child\" data-id=\"4dfe1e9\" data-element_type=\"container\" data-e-type=\"container\">\n\t\t\t\t<div class=\"elementor-element elementor-element-822409a elementor-widget elementor-widget-heading\" data-id=\"822409a\" data-element_type=\"widget\" data-e-type=\"widget\" data-widget_type=\"heading.default\">\n\t\t\t\t<div class=\"elementor-widget-container\">\n\t\t\t\t\t<h2 class=\"elementor-heading-title elementor-size-default\">El proyecto Santander para todos\n<\/h2>\t\t\t\t<\/div>\n\t\t\t\t<\/div>\n\t\t\t\t<div class=\"elementor-element elementor-element-2ceaacc elementor-widget elementor-widget-text-editor\" data-id=\"2ceaacc\" data-element_type=\"widget\" data-e-type=\"widget\" data-widget_type=\"text-editor.default\">\n\t\t\t\t<div class=\"elementor-widget-container\">\n\t\t\t\t\t\t\t\t\t<p>Con el objetivo de hacer accesible la Bah\u00eda de Santander a todo el mundo, utilizamos una maqueta t\u00e1ctil y una visita guiada para ayudar a las personas con discapacidad visual a descubrir la naturaleza, evoluci\u00f3n e historia de la bah\u00eda.<br \/>Mediante un sistema de capas desmontables que muestran los diferentes niveles del mar, tanto en pleamar como en bajamar, explicamos la diferencia entre el canal principal y la zona de arena.<br \/>A trav\u00e9s de piezas de maquetas de tierra y agua desmontables e intercambiables descubrimos la evoluci\u00f3n hist\u00f3rica de la bah\u00eda y los diferentes procesos de llenado a lo largo del tiempo.<br \/>Proyecto en colaboraci\u00f3n con la ONCE y el COACAN.<\/p>\t\t\t\t\t\t\t\t<\/div>\n\t\t\t\t<\/div>\n\t\t\t\t<div class=\"elementor-element elementor-element-9744013 elementor-widget elementor-widget-video\" data-id=\"9744013\" data-element_type=\"widget\" data-e-type=\"widget\" data-settings=\"{&quot;video_type&quot;:&quot;hosted&quot;,&quot;autoplay&quot;:&quot;yes&quot;,&quot;play_on_mobile&quot;:&quot;yes&quot;,&quot;mute&quot;:&quot;yes&quot;,&quot;loop&quot;:&quot;yes&quot;,&quot;controls&quot;:&quot;yes&quot;}\" data-widget_type=\"video.default\">\n\t\t\t\t<div class=\"elementor-widget-container\">\n\t\t\t\t\t\t\t<div class=\"e-hosted-video elementor-wrapper elementor-open-inline\">\n\t\t\t\t\t<video class=\"elementor-video\" src=\"http:\/\/www.atelierlajuntana.com\/wp-content\/uploads\/2024\/04\/Santander-para-todos.mp4\" autoplay=\"\" loop=\"\" controls=\"\" muted=\"muted\" playsinline=\"\" controlslist=\"nodownload\"><\/video>\n\t\t\t\t<\/div>\n\t\t\t\t\t\t<\/div>\n\t\t\t\t<\/div>\n\t\t\t\t<\/div>\n\t\t<div class=\"elementor-element elementor-element-97150ce e-con-full e-flex e-con e-child\" data-id=\"97150ce\" data-element_type=\"container\" data-e-type=\"container\">\n\t\t\t\t<div class=\"elementor-element elementor-element-d7448c2 elementor-widget elementor-widget-heading\" data-id=\"d7448c2\" data-element_type=\"widget\" data-e-type=\"widget\" data-widget_type=\"heading.default\">\n\t\t\t\t<div class=\"elementor-widget-container\">\n\t\t\t\t\t<h2 class=\"elementor-heading-title elementor-size-default\">Sensibilidad al tacto\n<\/h2>\t\t\t\t<\/div>\n\t\t\t\t<\/div>\n\t\t\t\t<div class=\"elementor-element elementor-element-026c2f9 elementor-widget elementor-widget-text-editor\" data-id=\"026c2f9\" data-element_type=\"widget\" data-e-type=\"widget\" data-widget_type=\"text-editor.default\">\n\t\t\t\t<div class=\"elementor-widget-container\">\n\t\t\t\t\t\t\t\t\t<p>Estas sensaciones t\u00e1ctiles se ven reforzadas por la sensibilidad altamente t\u00e1ctil de las personas con discapacidad visual, que est\u00e1 mucho m\u00e1s desarrollada que la de las personas que experimentan objetos sin discapacidad. A trav\u00e9s de recorridos t\u00e1ctiles por el territorio, la ciudad y sus edificios nos adentramos en un mundo de oportunidades para explorar nuestra cultura y patrimonio. Este proceso es crucial para las personas con discapacidad visual pero tambi\u00e9n muy enriquecedor para el resto de la sociedad. Un punto clave es la conciencia social. Los modelos t\u00e1ctiles ayudan a la sociedad a comprender que las personas con discapacidad visual tambi\u00e9n tienen acceso a la arquitectura y al espacio que nos rodea.<\/p>\t\t\t\t\t\t\t\t<\/div>\n\t\t\t\t<\/div>\n\t\t\t\t<div class=\"elementor-element elementor-element-4db5012 elementor-widget elementor-widget-image\" data-id=\"4db5012\" data-element_type=\"widget\" data-e-type=\"widget\" data-widget_type=\"image.default\">\n\t\t\t\t<div class=\"elementor-widget-container\">\n\t\t\t\t\t\t\t\t\t\t\t\t\t\t\t<img fetchpriority=\"high\" decoding=\"async\" width=\"800\" height=\"600\" src=\"https:\/\/www.atelierlajuntana.com\/wp-content\/uploads\/2024\/04\/3958_aaab32b8-b99c-4e8a-8d24-cf68cbe4bb5b.jpg\" class=\"attachment-large size-large wp-image-345\" alt=\"\" srcset=\"https:\/\/www.atelierlajuntana.com\/wp-content\/uploads\/2024\/04\/3958_aaab32b8-b99c-4e8a-8d24-cf68cbe4bb5b.jpg 800w, https:\/\/www.atelierlajuntana.com\/wp-content\/uploads\/2024\/04\/3958_aaab32b8-b99c-4e8a-8d24-cf68cbe4bb5b-300x225.jpg 300w, https:\/\/www.atelierlajuntana.com\/wp-content\/uploads\/2024\/04\/3958_aaab32b8-b99c-4e8a-8d24-cf68cbe4bb5b-768x576.jpg 768w\" sizes=\"(max-width: 800px) 100vw, 800px\" \/>\t\t\t\t\t\t\t\t\t\t\t\t\t\t\t<\/div>\n\t\t\t\t<\/div>\n\t\t\t\t<\/div>\n\t\t\t\t\t<\/div>\n\t\t\t\t<\/div>\n\t\t\t\t<\/div>","protected":false},"excerpt":{"rendered":"<p>Discovering architecture through tactile models Possibilities of haptic models as a tool for visually handicapped people to understand the space in which they live and orientate themselves are a source of inspiration in our practice. We consider tactile models as a crucial learning aid material to understand architectural elements and physical phenomena such as reverberation &#8230; <a title=\"T\u00e1ctil\" class=\"read-more\" href=\"https:\/\/www.atelierlajuntana.com\/es\/tactile\/\" aria-label=\"Leer m\u00e1s sobre Tactile\">Leer m\u00e1s<\/a><\/p>","protected":false},"author":1,"featured_media":0,"parent":0,"menu_order":0,"comment_status":"closed","ping_status":"closed","template":"elementor_header_footer","meta":{"footnotes":""},"class_list":["post-21","page","type-page","status-publish"],"_links":{"self":[{"href":"https:\/\/www.atelierlajuntana.com\/es\/wp-json\/wp\/v2\/pages\/21","targetHints":{"allow":["GET"]}}],"collection":[{"href":"https:\/\/www.atelierlajuntana.com\/es\/wp-json\/wp\/v2\/pages"}],"about":[{"href":"https:\/\/www.atelierlajuntana.com\/es\/wp-json\/wp\/v2\/types\/page"}],"author":[{"embeddable":true,"href":"https:\/\/www.atelierlajuntana.com\/es\/wp-json\/wp\/v2\/users\/1"}],"replies":[{"embeddable":true,"href":"https:\/\/www.atelierlajuntana.com\/es\/wp-json\/wp\/v2\/comments?post=21"}],"version-history":[{"count":31,"href":"https:\/\/www.atelierlajuntana.com\/es\/wp-json\/wp\/v2\/pages\/21\/revisions"}],"predecessor-version":[{"id":3016,"href":"https:\/\/www.atelierlajuntana.com\/es\/wp-json\/wp\/v2\/pages\/21\/revisions\/3016"}],"wp:attachment":[{"href":"https:\/\/www.atelierlajuntana.com\/es\/wp-json\/wp\/v2\/media?parent=21"}],"curies":[{"name":"wp","href":"https:\/\/api.w.org\/{rel}","templated":true}]}}